{"id":973,"date":"2024-11-27T13:56:19","date_gmt":"2024-11-27T13:56:19","guid":{"rendered":"https:\/\/michellarchey.fr\/?page_id=973"},"modified":"2024-12-05T12:49:12","modified_gmt":"2024-12-05T12:49:12","slug":"photos-primees","status":"publish","type":"page","link":"https:\/\/michellarchey.fr\/?page_id=973","title":{"rendered":"photos Prim\u00e9es"},"content":{"rendered":"\n<hr class=\"wp-block-separator has-alpha-channel-opacity\" style=\"margin-top:var(--wp--preset--spacing--50);margin-bottom:var(--wp--preset--spacing--50)\"\/>\n\n\n\n<p class=\"has-text-align-center has-medium-font-size\">Voici quelques photos qui ont fait l&rsquo;objet de prix lors de divers concours photos.<\/p>\n\n\n\n<hr class=\"wp-block-separator has-alpha-channel-opacity is-style-wide\" style=\"margin-top:var(--wp--preset--spacing--50);margin-bottom:var(--wp--preset--spacing--50)\"\/>\n\n\n\n<p class=\"has-text-align-center has-medium-font-size\">Concours photos de le Communaut\u00e9 de Commune du Saintois (54) &#8211; 2024<\/p>\n\n\n\n<p class=\"has-text-align-center\" style=\"margin-top:var(--wp--preset--spacing--20);margin-bottom:var(--wp--preset--spacing--20)\">Th\u00e8me : Le Saintois \u00e0 v\u00e9lo &#8211; 1\u00e8re place<\/p>\n\n\n\n<figure class=\"wp-block-gallery has-nested-images columns-default is-cropped wp-block-gallery-1 is-layout-flex wp-block-gallery-is-layout-flex\">\n<figure class=\"wp-block-image aligncenter size-large has-custom-border\" style=\"margin-top:0;margin-bottom:0\"><img loading=\"lazy\" decoding=\"async\" width=\"1024\" height=\"682\" data-id=\"983\" src=\"https:\/\/michellarchey.fr\/wp-content\/uploads\/2024\/11\/LeSaintoisavelo_Photo-N\u00b01_Larchey-Michel_Mangonville-copie-1024x682.jpg\" alt=\"\" class=\"wp-image-983\" style=\"border-style:none;border-width:0px;border-radius:0px\" srcset=\"https:\/\/michellarchey.fr\/wp-content\/uploads\/2024\/11\/LeSaintoisavelo_Photo-N\u00b01_Larchey-Michel_Mangonville-copie-1024x682.jpg 1024w, https:\/\/michellarchey.fr\/wp-content\/uploads\/2024\/11\/LeSaintoisavelo_Photo-N\u00b01_Larchey-Michel_Mangonville-copie-300x200.jpg 300w, https:\/\/michellarchey.fr\/wp-content\/uploads\/2024\/11\/LeSaintoisavelo_Photo-N\u00b01_Larchey-Michel_Mangonville-copie-768x512.jpg 768w, https:\/\/michellarchey.fr\/wp-content\/uploads\/2024\/11\/LeSaintoisavelo_Photo-N\u00b01_Larchey-Michel_Mangonville-copie-500x333.jpg 500w, https:\/\/michellarchey.fr\/wp-content\/uploads\/2024\/11\/LeSaintoisavelo_Photo-N\u00b01_Larchey-Michel_Mangonville-copie-800x533.jpg 800w, https:\/\/michellarchey.fr\/wp-content\/uploads\/2024\/11\/LeSaintoisavelo_Photo-N\u00b01_Larchey-Michel_Mangonville-copie.jpg 1280w\" sizes=\"auto, (max-width: 1024px) 100vw, 1024px\" \/><\/figure>\n<\/figure>\n\n\n\n<div style=\"height:40px\" aria-hidden=\"true\" class=\"wp-block-spacer\"><\/div>\n\n\n\n<p class=\"has-text-align-center\" style=\"margin-top:var(--wp--preset--spacing--20);margin-bottom:var(--wp--preset--spacing--20)\">Th\u00e8me : Les couleurs &#8211; 1\u00e8re place<\/p>\n\n\n\n<figure class=\"wp-block-gallery has-nested-images columns-default is-cropped wp-block-gallery-2 is-layout-flex wp-block-gallery-is-layout-flex\">\n<figure class=\"wp-block-image aligncenter size-large\"><img loading=\"lazy\" decoding=\"async\" width=\"1024\" height=\"682\" data-id=\"985\" src=\"https:\/\/michellarchey.fr\/wp-content\/uploads\/2024\/11\/Les-Couleurs_Photo-N\u00b02_Larchey-Michel_Lemainville-copie-1024x682.jpg\" alt=\"\" class=\"wp-image-985\" srcset=\"https:\/\/michellarchey.fr\/wp-content\/uploads\/2024\/11\/Les-Couleurs_Photo-N\u00b02_Larchey-Michel_Lemainville-copie-1024x682.jpg 1024w, https:\/\/michellarchey.fr\/wp-content\/uploads\/2024\/11\/Les-Couleurs_Photo-N\u00b02_Larchey-Michel_Lemainville-copie-300x200.jpg 300w, https:\/\/michellarchey.fr\/wp-content\/uploads\/2024\/11\/Les-Couleurs_Photo-N\u00b02_Larchey-Michel_Lemainville-copie-768x512.jpg 768w, https:\/\/michellarchey.fr\/wp-content\/uploads\/2024\/11\/Les-Couleurs_Photo-N\u00b02_Larchey-Michel_Lemainville-copie-500x333.jpg 500w, https:\/\/michellarchey.fr\/wp-content\/uploads\/2024\/11\/Les-Couleurs_Photo-N\u00b02_Larchey-Michel_Lemainville-copie-800x533.jpg 800w, https:\/\/michellarchey.fr\/wp-content\/uploads\/2024\/11\/Les-Couleurs_Photo-N\u00b02_Larchey-Michel_Lemainville-copie.jpg 1280w\" sizes=\"auto, (max-width: 1024px) 100vw, 1024px\" \/><\/figure>\n<\/figure>\n\n\n\n<hr class=\"wp-block-separator has-alpha-channel-opacity\"\/>\n\n\n\n<p class=\"has-text-align-center has-medium-font-size\">Concours photos Flore 54 &#8211; 2024<\/p>\n\n\n\n<p class=\"has-text-align-center\" style=\"margin-top:var(--wp--preset--spacing--20);margin-bottom:var(--wp--preset--spacing--20)\">Th\u00e8me : Lumi\u00e8res naturelles Printemps &#8211; 2\u00e8me place<\/p>\n\n\n\n<figure class=\"wp-block-gallery has-nested-images columns-default is-cropped wp-block-gallery-3 is-layout-flex wp-block-gallery-is-layout-flex\">\n<figure class=\"wp-block-image aligncenter size-large\"><img loading=\"lazy\" decoding=\"async\" width=\"1024\" height=\"576\" data-id=\"989\" src=\"https:\/\/michellarchey.fr\/wp-content\/uploads\/2024\/11\/Printemps_Michel_Larchey_Explosion-de-lumiere-copie-2-1024x576.jpg\" alt=\"\" class=\"wp-image-989\" srcset=\"https:\/\/michellarchey.fr\/wp-content\/uploads\/2024\/11\/Printemps_Michel_Larchey_Explosion-de-lumiere-copie-2-1024x576.jpg 1024w, https:\/\/michellarchey.fr\/wp-content\/uploads\/2024\/11\/Printemps_Michel_Larchey_Explosion-de-lumiere-copie-2-300x169.jpg 300w, https:\/\/michellarchey.fr\/wp-content\/uploads\/2024\/11\/Printemps_Michel_Larchey_Explosion-de-lumiere-copie-2-768x432.jpg 768w, https:\/\/michellarchey.fr\/wp-content\/uploads\/2024\/11\/Printemps_Michel_Larchey_Explosion-de-lumiere-copie-2-500x281.jpg 500w, https:\/\/michellarchey.fr\/wp-content\/uploads\/2024\/11\/Printemps_Michel_Larchey_Explosion-de-lumiere-copie-2-800x450.jpg 800w, https:\/\/michellarchey.fr\/wp-content\/uploads\/2024\/11\/Printemps_Michel_Larchey_Explosion-de-lumiere-copie-2.jpg 1280w\" sizes=\"auto, (max-width: 1024px) 100vw, 1024px\" \/><\/figure>\n<\/figure>\n\n\n\n<div style=\"height:40px\" aria-hidden=\"true\" class=\"wp-block-spacer\"><\/div>\n\n\n\n<hr class=\"wp-block-separator has-alpha-channel-opacity is-style-wide\" style=\"margin-top:var(--wp--preset--spacing--50);margin-bottom:var(--wp--preset--spacing--50)\"\/>\n\n\n\n<p class=\"has-text-align-center has-medium-font-size\">Concours photos de le Communaut\u00e9 de Commune du Saintois (54) &#8211; 2023<\/p>\n\n\n\n<p class=\"has-text-align-center\" style=\"margin-top:var(--wp--preset--spacing--20);margin-bottom:var(--wp--preset--spacing--20)\">Th\u00e8me : les chemins du Saintois &#8211; 2\u00e8me place<\/p>\n\n\n\n<figure class=\"wp-block-image aligncenter size-large\"><img loading=\"lazy\" decoding=\"async\" width=\"682\" height=\"1024\" src=\"https:\/\/michellarchey.fr\/wp-content\/uploads\/2024\/11\/Chemins-et-Sentiers-du-Saintois-copie-682x1024.jpg\" alt=\"\" class=\"wp-image-991\" srcset=\"https:\/\/michellarchey.fr\/wp-content\/uploads\/2024\/11\/Chemins-et-Sentiers-du-Saintois-copie-682x1024.jpg 682w, https:\/\/michellarchey.fr\/wp-content\/uploads\/2024\/11\/Chemins-et-Sentiers-du-Saintois-copie-200x300.jpg 200w, https:\/\/michellarchey.fr\/wp-content\/uploads\/2024\/11\/Chemins-et-Sentiers-du-Saintois-copie-768x1152.jpg 768w, https:\/\/michellarchey.fr\/wp-content\/uploads\/2024\/11\/Chemins-et-Sentiers-du-Saintois-copie-500x750.jpg 500w, https:\/\/michellarchey.fr\/wp-content\/uploads\/2024\/11\/Chemins-et-Sentiers-du-Saintois-copie-800x1200.jpg 800w, https:\/\/michellarchey.fr\/wp-content\/uploads\/2024\/11\/Chemins-et-Sentiers-du-Saintois-copie.jpg 853w\" sizes=\"auto, (max-width: 682px) 100vw, 682px\" \/><\/figure>\n\n\n\n<div style=\"height:40px\" aria-hidden=\"true\" class=\"wp-block-spacer\"><\/div>\n\n\n\n<hr class=\"wp-block-separator has-alpha-channel-opacity is-style-wide\" style=\"margin-top:var(--wp--preset--spacing--50);margin-bottom:var(--wp--preset--spacing--50)\"\/>\n\n\n\n<p class=\"has-text-align-center has-medium-font-size\">Concours photos de le Communaut\u00e9 de Commune du Saintois (54) &#8211; 2022<\/p>\n\n\n\n<p class=\"has-text-align-center\" style=\"margin-top:var(--wp--preset--spacing--20);margin-bottom:var(--wp--preset--spacing--20)\">Th\u00e8me : La nature dans tout ses \u00e9tats &#8211; 2\u00e8me place<\/p>\n\n\n\n<figure class=\"wp-block-image aligncenter size-large\"><img loading=\"lazy\" decoding=\"async\" width=\"1024\" height=\"682\" src=\"https:\/\/michellarchey.fr\/wp-content\/uploads\/2024\/11\/La-nature-dans-tous-ses-etats-2eme-copie-1024x682.jpg\" alt=\"\" class=\"wp-image-996\" srcset=\"https:\/\/michellarchey.fr\/wp-content\/uploads\/2024\/11\/La-nature-dans-tous-ses-etats-2eme-copie-1024x682.jpg 1024w, https:\/\/michellarchey.fr\/wp-content\/uploads\/2024\/11\/La-nature-dans-tous-ses-etats-2eme-copie-300x200.jpg 300w, https:\/\/michellarchey.fr\/wp-content\/uploads\/2024\/11\/La-nature-dans-tous-ses-etats-2eme-copie-768x512.jpg 768w, https:\/\/michellarchey.fr\/wp-content\/uploads\/2024\/11\/La-nature-dans-tous-ses-etats-2eme-copie-500x333.jpg 500w, https:\/\/michellarchey.fr\/wp-content\/uploads\/2024\/11\/La-nature-dans-tous-ses-etats-2eme-copie-800x533.jpg 800w, https:\/\/michellarchey.fr\/wp-content\/uploads\/2024\/11\/La-nature-dans-tous-ses-etats-2eme-copie.jpg 1280w\" sizes=\"auto, (max-width: 1024px) 100vw, 1024px\" \/><\/figure>\n\n\n\n<div style=\"height:40px\" aria-hidden=\"true\" class=\"wp-block-spacer\"><\/div>\n\n\n\n<p class=\"has-text-align-center\" style=\"margin-top:var(--wp--preset--spacing--20);margin-bottom:var(--wp--preset--spacing--20)\">Th\u00e8me : Patrimoine cach\u00e9 &#8211; 2\u00e8me place<\/p>\n\n\n\n<figure class=\"wp-block-image aligncenter size-large\"><img loading=\"lazy\" decoding=\"async\" width=\"682\" height=\"1024\" src=\"https:\/\/michellarchey.fr\/wp-content\/uploads\/2024\/11\/Patrimoine-cache-2eme-copie-682x1024.jpg\" alt=\"\" class=\"wp-image-995\" srcset=\"https:\/\/michellarchey.fr\/wp-content\/uploads\/2024\/11\/Patrimoine-cache-2eme-copie-682x1024.jpg 682w, https:\/\/michellarchey.fr\/wp-content\/uploads\/2024\/11\/Patrimoine-cache-2eme-copie-200x300.jpg 200w, https:\/\/michellarchey.fr\/wp-content\/uploads\/2024\/11\/Patrimoine-cache-2eme-copie-768x1152.jpg 768w, https:\/\/michellarchey.fr\/wp-content\/uploads\/2024\/11\/Patrimoine-cache-2eme-copie-500x750.jpg 500w, https:\/\/michellarchey.fr\/wp-content\/uploads\/2024\/11\/Patrimoine-cache-2eme-copie-800x1200.jpg 800w, https:\/\/michellarchey.fr\/wp-content\/uploads\/2024\/11\/Patrimoine-cache-2eme-copie.jpg 853w\" sizes=\"auto, (max-width: 682px) 100vw, 682px\" \/><\/figure>\n\n\n\n<div style=\"height:40px\" aria-hidden=\"true\" class=\"wp-block-spacer\"><\/div>\n\n\n\n<p class=\"has-text-align-center\" style=\"margin-top:var(--wp--preset--spacing--20);margin-bottom:var(--wp--preset--spacing--20)\">Th\u00e8me : Arbre remarquable &#8211; 3\u00e8me place<\/p>\n\n\n\n<figure class=\"wp-block-image aligncenter size-large\"><img loading=\"lazy\" decoding=\"async\" width=\"768\" height=\"1024\" src=\"https:\/\/michellarchey.fr\/wp-content\/uploads\/2024\/11\/Arbre-Remarquable-3eme-copie-768x1024.jpg\" alt=\"\" class=\"wp-image-994\" srcset=\"https:\/\/michellarchey.fr\/wp-content\/uploads\/2024\/11\/Arbre-Remarquable-3eme-copie-768x1024.jpg 768w, https:\/\/michellarchey.fr\/wp-content\/uploads\/2024\/11\/Arbre-Remarquable-3eme-copie-225x300.jpg 225w, https:\/\/michellarchey.fr\/wp-content\/uploads\/2024\/11\/Arbre-Remarquable-3eme-copie-500x667.jpg 500w, https:\/\/michellarchey.fr\/wp-content\/uploads\/2024\/11\/Arbre-Remarquable-3eme-copie-800x1067.jpg 800w, https:\/\/michellarchey.fr\/wp-content\/uploads\/2024\/11\/Arbre-Remarquable-3eme-copie.jpg 960w\" sizes=\"auto, (max-width: 768px) 100vw, 768px\" \/><\/figure>\n\n\n\n<div style=\"height:40px\" aria-hidden=\"true\" class=\"wp-block-spacer\"><\/div>\n\n\n\n<hr class=\"wp-block-separator has-alpha-channel-opacity is-style-wide\" style=\"margin-top:var(--wp--preset--spacing--50);margin-bottom:var(--wp--preset--spacing--50)\"\/>\n\n\n\n<p class=\"has-text-align-center has-medium-font-size\">Concours photos de le Communaut\u00e9 de Commune du Saintois (54) &#8211; 2021<\/p>\n\n\n\n<p class=\"has-text-align-center\" style=\"margin-top:var(--wp--preset--spacing--20);margin-bottom:var(--wp--preset--spacing--20)\">Th\u00e8me : Paysage naturel Printemps &#8211; 2\u00e8me place<\/p>\n\n\n\n<figure class=\"wp-block-image aligncenter size-large\"><img loading=\"lazy\" decoding=\"async\" width=\"1024\" height=\"682\" src=\"https:\/\/michellarchey.fr\/wp-content\/uploads\/2024\/11\/Paysages-naturels-copie-1024x682.jpg\" alt=\"\" class=\"wp-image-993\" srcset=\"https:\/\/michellarchey.fr\/wp-content\/uploads\/2024\/11\/Paysages-naturels-copie-1024x682.jpg 1024w, https:\/\/michellarchey.fr\/wp-content\/uploads\/2024\/11\/Paysages-naturels-copie-300x200.jpg 300w, https:\/\/michellarchey.fr\/wp-content\/uploads\/2024\/11\/Paysages-naturels-copie-768x512.jpg 768w, https:\/\/michellarchey.fr\/wp-content\/uploads\/2024\/11\/Paysages-naturels-copie-500x333.jpg 500w, https:\/\/michellarchey.fr\/wp-content\/uploads\/2024\/11\/Paysages-naturels-copie-800x533.jpg 800w, https:\/\/michellarchey.fr\/wp-content\/uploads\/2024\/11\/Paysages-naturels-copie.jpg 1280w\" sizes=\"auto, (max-width: 1024px) 100vw, 1024px\" \/><\/figure>\n","protected":false},"excerpt":{"rendered":"<p>Voici quelques photos qui ont fait l&rsquo;objet de prix lors de divers concours photos. Concours photos de le Communaut\u00e9 de [&hellip;]<\/p>\n","protected":false},"author":1,"featured_media":0,"parent":0,"menu_order":0,"comment_status":"closed","ping_status":"closed","template":"","meta":{"site-sidebar-layout":"default","site-content-layout":"","ast-site-content-layout":"","site-content-style":"default","site-sidebar-style":"default","ast-global-header-display":"","ast-banner-title-visibility":"","ast-main-header-display":"","ast-hfb-above-header-display":"","ast-hfb-below-header-display":"","ast-hfb-mobile-header-display":"","site-post-title":"","ast-breadcrumbs-content":"","ast-featured-img":"","footer-sml-layout":"","theme-transparent-header-meta":"","adv-header-id-meta":"","stick-header-meta":"","header-above-stick-meta":"","header-main-stick-meta":"","header-below-stick-meta":"","astra-migrate-meta-layouts":"default","ast-page-background-enabled":"default","ast-page-background-meta":{"desktop":{"background-color":"var(--ast-global-color-4)","background-image":"","background-repeat":"repeat","background-position":"center center","background-size":"auto","background-attachment":"scroll","background-type":"","background-media":"","overlay-type":"","overlay-color":"","overlay-opacity":"","overlay-gradient":""},"tablet":{"background-color":"","background-image":"","background-repeat":"repeat","background-position":"center center","background-size":"auto","background-attachment":"scroll","background-type":"","background-media":"","overlay-type":"","overlay-color":"","overlay-opacity":"","overlay-gradient":""},"mobile":{"background-color":"","background-image":"","background-repeat":"repeat","background-position":"center center","background-size":"auto","background-attachment":"scroll","background-type":"","background-media":"","overlay-type":"","overlay-color":"","overlay-opacity":"","overlay-gradient":""}},"ast-content-background-meta":{"desktop":{"background-color":"var(--ast-global-color-5)","background-image":"","background-repeat":"repeat","background-position":"center center","background-size":"auto","background-attachment":"scroll","background-type":"","background-media":"","overlay-type":"","overlay-color":"","overlay-opacity":"","overlay-gradient":""},"tablet":{"background-color":"var(--ast-global-color-5)","background-image":"","background-repeat":"repeat","background-position":"center center","background-size":"auto","background-attachment":"scroll","background-type":"","background-media":"","overlay-type":"","overlay-color":"","overlay-opacity":"","overlay-gradient":""},"mobile":{"background-color":"var(--ast-global-color-5)","background-image":"","background-repeat":"repeat","background-position":"center center","background-size":"auto","background-attachment":"scroll","background-type":"","background-media":"","overlay-type":"","overlay-color":"","overlay-opacity":"","overlay-gradient":""}},"_vp_format_video_url":"","_vp_image_focal_point":[],"footnotes":""},"class_list":["post-973","page","type-page","status-publish","hentry"],"_links":{"self":[{"href":"https:\/\/michellarchey.fr\/index.php?rest_route=\/wp\/v2\/pages\/973","targetHints":{"allow":["GET"]}}],"collection":[{"href":"https:\/\/michellarchey.fr\/index.php?rest_route=\/wp\/v2\/pages"}],"about":[{"href":"https:\/\/michellarchey.fr\/index.php?rest_route=\/wp\/v2\/types\/page"}],"author":[{"embeddable":true,"href":"https:\/\/michellarchey.fr\/index.php?rest_route=\/wp\/v2\/users\/1"}],"replies":[{"embeddable":true,"href":"https:\/\/michellarchey.fr\/index.php?rest_route=%2Fwp%2Fv2%2Fcomments&post=973"}],"version-history":[{"count":16,"href":"https:\/\/michellarchey.fr\/index.php?rest_route=\/wp\/v2\/pages\/973\/revisions"}],"predecessor-version":[{"id":1209,"href":"https:\/\/michellarchey.fr\/index.php?rest_route=\/wp\/v2\/pages\/973\/revisions\/1209"}],"wp:attachment":[{"href":"https:\/\/michellarchey.fr\/index.php?rest_route=%2Fwp%2Fv2%2Fmedia&parent=973"}],"curies":[{"name":"wp","href":"https:\/\/api.w.org\/{rel}","templated":true}]}}