{"id":192,"date":"2024-10-04T20:07:15","date_gmt":"2024-10-04T20:07:15","guid":{"rendered":"https:\/\/michellarchey.fr\/?page_id=192"},"modified":"2024-12-09T13:30:02","modified_gmt":"2024-12-09T13:30:02","slug":"acceuil01","status":"publish","type":"page","link":"https:\/\/michellarchey.fr\/","title":{"rendered":"Bienvenue"},"content":{"rendered":"\n<h2 class=\"wp-block-heading has-text-align-center\" style=\"border-style:none;border-width:0px;border-radius:0px;margin-top:0;margin-bottom:0\"><mark style=\"background-color:rgba(0, 0, 0, 0)\" class=\"has-inline-color has-ast-global-color-4-color\">Bienvenue !<\/mark><\/h2>\n\n\n\n<p><\/p>\n\n\n\n<p>Amoureux de la Nature, je suis photographe amateur. J&rsquo;aime pouvoir immortaliser par le biais de quelques photos, toute la beaut\u00e9 que la nature peut nous offrir. Les animaux et les paysages sont mes th\u00e8mes de pr\u00e9dilection. Les photos des animaux qui sont pr\u00e9sents dans mes galeries ont toutes \u00e9t\u00e9 r\u00e9alis\u00e9es dans leur habitat naturel (pas de parc ou de zoo). Pour la plupart des photos, elles ont \u00e9t\u00e9 prises en Lorraine, r\u00e9gion o\u00f9 je vit actuellement.<\/p>\n\n\n\n<p>Vous pouvez me retrouver lors de deux expositions photos annuelles auxquelles je participe : Halle de V\u00e9zelise (54) en juin, march\u00e9 de No\u00ebl de la colline de Sion (54) en d\u00e9cembre.<\/p>\n\n\n\n<h4 class=\"wp-block-heading\"><mark style=\"background-color:rgba(0, 0, 0, 0)\" class=\"has-inline-color has-ast-global-color-5-color\">Objectif de ce site<\/mark><\/h4>\n\n\n\n<p>Ce site \u00e0 pour objectif de vous pr\u00e9senter quelques clich\u00e9s que j&rsquo;ai pu r\u00e9aliser. Si toutefois vous \u00eates int\u00e9ress\u00e9s par une photo pour un tirage ou autre, vous pouvez toujours me contacter via le menu \u00ab\u00a0contact\u00a0\u00bb. Je me ferai une joie de vous r\u00e9pondre.<\/p>\n\n\n\n<p>NB : La taille et la qualit\u00e9 des photos pr\u00e9sent\u00e9es ont toutes \u00e9t\u00e9 r\u00e9duites afin de rendre la navigation plus fluide.<\/p>\n\n\n\n<p>Je vous souhaite une belle visite !<\/p>\n\n\n\n<hr class=\"wp-block-separator has-alpha-channel-opacity is-style-wide\" style=\"margin-top:var(--wp--preset--spacing--20);margin-bottom:var(--wp--preset--spacing--20)\"\/>\n\n\n\n<div class=\"wp-block-comments\">\n<div class=\"wp-block-columns is-layout-flex wp-container-core-columns-is-layout-1 wp-block-columns-is-layout-flex\">\n<div class=\"wp-block-column is-layout-flow wp-block-column-is-layout-flow\" style=\"flex-basis:100%\"><\/div>\n<\/div>\n\n\n<ol class=\"wp-block-comment-template\"><li id=\"comment-4\" class=\"comment byuser comment-author-michellarchey bypostauthor even thread-even depth-1\">\n\n<div class=\"wp-block-columns is-layout-flex wp-container-core-columns-is-layout-3 wp-block-columns-is-layout-flex\">\n<div class=\"wp-block-column is-layout-flow wp-block-column-is-layout-flow\">\n<div class=\"wp-block-columns is-layout-flex wp-container-core-columns-is-layout-2 wp-block-columns-is-layout-flex\">\n<div class=\"wp-block-column is-layout-flow wp-block-column-is-layout-flow\" style=\"flex-basis:100%\"><div class=\"wp-block-comment-author-name has-small-font-size\"><a rel=\"external nofollow ugc\" href=\"https:\/\/michellarchey.fr\" target=\"_self\" >michellarchey<\/a><\/div><\/div>\n<\/div>\n\n\n\n<div class=\"wp-block-group is-layout-flex wp-block-group-is-layout-flex\" style=\"margin-top:0px;margin-bottom:0px\"><div class=\"wp-block-comment-date has-small-font-size\"><time datetime=\"2024-10-09T06:18:39+00:00\"><a href=\"https:\/\/michellarchey.fr\/#comment-4\">octobre 9, 2024<\/a><\/time><\/div>\n\n<\/div>\n\n\n<div class=\"wp-block-comment-content\"><p>super!<\/p>\n<\/div>\n\n<div class=\"wp-block-comment-reply-link has-small-font-size\"><a rel=\"nofollow\" class=\"comment-reply-link\" href=\"https:\/\/michellarchey.fr\/?replytocom=4#respond\" data-commentid=\"4\" data-postid=\"192\" data-belowelement=\"comment-4\" data-respondelement=\"respond\" data-replyto=\"R\u00e9pondre \u00e0 michellarchey\" aria-label=\"R\u00e9pondre \u00e0 michellarchey\">R\u00e9pondre<\/a><\/div>\n\n\n<hr class=\"wp-block-separator has-alpha-channel-opacity is-style-wide\"\/>\n<\/div>\n<\/div>\n\n<\/li><li id=\"comment-6\" class=\"comment odd alt thread-odd thread-alt depth-1\">\n\n<div class=\"wp-block-columns is-layout-flex wp-container-core-columns-is-layout-5 wp-block-columns-is-layout-flex\">\n<div class=\"wp-block-column is-layout-flow wp-block-column-is-layout-flow\">\n<div class=\"wp-block-columns is-layout-flex wp-container-core-columns-is-layout-4 wp-block-columns-is-layout-flex\">\n<div class=\"wp-block-column is-layout-flow wp-block-column-is-layout-flow\" style=\"flex-basis:100%\"><div class=\"wp-block-comment-author-name has-small-font-size\">Quentin<\/div><\/div>\n<\/div>\n\n\n\n<div class=\"wp-block-group is-layout-flex wp-block-group-is-layout-flex\" style=\"margin-top:0px;margin-bottom:0px\"><div class=\"wp-block-comment-date has-small-font-size\"><time datetime=\"2024-10-25T07:16:54+00:00\"><a href=\"https:\/\/michellarchey.fr\/#comment-6\">octobre 25, 2024<\/a><\/time><\/div>\n\n<\/div>\n\n\n<div class=\"wp-block-comment-content\"><p>De toute beaut\u00e9 !<\/p>\n<\/div>\n\n<div class=\"wp-block-comment-reply-link has-small-font-size\"><a rel=\"nofollow\" class=\"comment-reply-link\" href=\"https:\/\/michellarchey.fr\/?replytocom=6#respond\" data-commentid=\"6\" data-postid=\"192\" data-belowelement=\"comment-6\" data-respondelement=\"respond\" data-replyto=\"R\u00e9pondre \u00e0 Quentin\" aria-label=\"R\u00e9pondre \u00e0 Quentin\">R\u00e9pondre<\/a><\/div>\n\n\n<hr class=\"wp-block-separator has-alpha-channel-opacity is-style-wide\"\/>\n<\/div>\n<\/div>\n\n<\/li><\/ol>\n\n\n\n\t<div id=\"respond\" style=\"border-radius:21px;border-width:1px; padding-top:0;padding-bottom:0;padding-left:var(--wp--preset--spacing--60);padding-right:var(--wp--preset--spacing--60);margin-top:0;margin-bottom:0;margin-left:var(--wp--preset--spacing--40);margin-right:var(--wp--preset--spacing--40);\" class=\"comment-respond wp-block-post-comments-form\">\n\t\t<h3 id=\"reply-title\" class=\"comment-reply-title\">Laisser un commentaire <small><a rel=\"nofollow\" id=\"cancel-comment-reply-link\" href=\"\/index.php?rest_route=%2Fwp%2Fv2%2Fpages%2F192#respond\" style=\"display:none;\">Annuler la r\u00e9ponse<\/a><\/small><\/h3><form action=\"https:\/\/michellarchey.fr\/wp-comments-post.php\" method=\"post\" id=\"commentform\" class=\"comment-form\"><p class=\"comment-notes\"><span id=\"email-notes\">Votre adresse e-mail ne sera pas publi\u00e9e.<\/span> <span class=\"required-field-message\">Les champs obligatoires sont indiqu\u00e9s avec <span class=\"required\">*<\/span><\/span><\/p><p class=\"comment-form-comment\"><label for=\"comment\">Commentaire <span class=\"required\">*<\/span><\/label> <textarea id=\"comment\" name=\"comment\" cols=\"45\" rows=\"8\" maxlength=\"65525\" required=\"required\"><\/textarea><\/p><div class=\"ast-comment-formwrap ast-row\"><p class=\"comment-form-author ast-grid-common-col ast-width-lg-33 ast-width-md-4 ast-float\"><label for=\"author\" class=\"screen-reader-text\">Name*<\/label><input id=\"author\" name=\"author\" type=\"text\" value=\"\" placeholder=\"Name*\" size=\"30\" aria-required='true' \/><\/p>\n<p class=\"comment-form-email ast-grid-common-col ast-width-lg-33 ast-width-md-4 ast-float\"><label for=\"email\" class=\"screen-reader-text\">Email*<\/label><input id=\"email\" name=\"email\" type=\"text\" value=\"\" placeholder=\"Email*\" size=\"30\" aria-required='true' \/><\/p>\n<p class=\"comment-form-url ast-grid-common-col ast-width-lg-33 ast-width-md-4 ast-float\"><label for=\"url\"><label for=\"url\" class=\"screen-reader-text\">Site Internet<\/label><input id=\"url\" name=\"url\" type=\"text\" value=\"\" placeholder=\"Site Internet\" size=\"30\" \/><\/label><\/p><\/div>\n<p class=\"comment-form-cookies-consent\"><input id=\"wp-comment-cookies-consent\" name=\"wp-comment-cookies-consent\" type=\"checkbox\" value=\"yes\" \/> <label for=\"wp-comment-cookies-consent\">Enregistrer mon nom, mon e-mail et mon site dans le navigateur pour mon prochain commentaire.<\/label><\/p>\n<p class=\"form-submit\"><input name=\"submit\" type=\"submit\" id=\"submit\" class=\"submit\" value=\"Laisser un commentaire\" \/> <input type='hidden' name='comment_post_ID' value='192' id='comment_post_ID' \/>\n<input type='hidden' name='comment_parent' id='comment_parent' value='0' \/>\n<\/p><\/form>\t<\/div><!-- #respond -->\n\t<\/div>\n\n\n\n<p><\/p>\n","protected":false},"excerpt":{"rendered":"<p>Bienvenue ! Amoureux de la Nature, je suis photographe amateur. J&rsquo;aime pouvoir immortaliser par le biais de quelques photos, toute [&hellip;]<\/p>\n","protected":false},"author":1,"featured_media":0,"parent":0,"menu_order":0,"comment_status":"open","ping_status":"closed","template":"","meta":{"site-sidebar-layout":"default","site-content-layout":"","ast-site-content-layout":"","site-content-style":"default","site-sidebar-style":"default","ast-global-header-display":"","ast-banner-title-visibility":"","ast-main-header-display":"","ast-hfb-above-header-display":"","ast-hfb-below-header-display":"","ast-hfb-mobile-header-display":"","site-post-title":"disabled","ast-breadcrumbs-content":"","ast-featured-img":"","footer-sml-layout":"","theme-transparent-header-meta":"","adv-header-id-meta":"","stick-header-meta":"","header-above-stick-meta":"","header-main-stick-meta":"","header-below-stick-meta":"","astra-migrate-meta-layouts":"default","ast-page-background-enabled":"default","ast-page-background-meta":{"desktop":{"background-color":"var(--ast-global-color-4)","background-image":"","background-repeat":"repeat","background-position":"center center","background-size":"auto","background-attachment":"scroll","background-type":"","background-media":"","overlay-type":"","overlay-color":"","overlay-opacity":"","overlay-gradient":""},"tablet":{"background-color":"","background-image":"","background-repeat":"repeat","background-position":"center center","background-size":"auto","background-attachment":"scroll","background-type":"","background-media":"","overlay-type":"","overlay-color":"","overlay-opacity":"","overlay-gradient":""},"mobile":{"background-color":"","background-image":"","background-repeat":"repeat","background-position":"center center","background-size":"auto","background-attachment":"scroll","background-type":"","background-media":"","overlay-type":"","overlay-color":"","overlay-opacity":"","overlay-gradient":""}},"ast-content-background-meta":{"desktop":{"background-color":"var(--ast-global-color-5)","background-image":"","background-repeat":"repeat","background-position":"center center","background-size":"auto","background-attachment":"scroll","background-type":"","background-media":"","overlay-type":"","overlay-color":"","overlay-opacity":"","overlay-gradient":""},"tablet":{"background-color":"var(--ast-global-color-5)","background-image":"","background-repeat":"repeat","background-position":"center center","background-size":"auto","background-attachment":"scroll","background-type":"","background-media":"","overlay-type":"","overlay-color":"","overlay-opacity":"","overlay-gradient":""},"mobile":{"background-color":"var(--ast-global-color-5)","background-image":"","background-repeat":"repeat","background-position":"center center","background-size":"auto","background-attachment":"scroll","background-type":"","background-media":"","overlay-type":"","overlay-color":"","overlay-opacity":"","overlay-gradient":""}},"_vp_format_video_url":"","_vp_image_focal_point":[],"footnotes":""},"class_list":["post-192","page","type-page","status-publish","hentry"],"_links":{"self":[{"href":"https:\/\/michellarchey.fr\/index.php?rest_route=\/wp\/v2\/pages\/192","targetHints":{"allow":["GET"]}}],"collection":[{"href":"https:\/\/michellarchey.fr\/index.php?rest_route=\/wp\/v2\/pages"}],"about":[{"href":"https:\/\/michellarchey.fr\/index.php?rest_route=\/wp\/v2\/types\/page"}],"author":[{"embeddable":true,"href":"https:\/\/michellarchey.fr\/index.php?rest_route=\/wp\/v2\/users\/1"}],"replies":[{"embeddable":true,"href":"https:\/\/michellarchey.fr\/index.php?rest_route=%2Fwp%2Fv2%2Fcomments&post=192"}],"version-history":[{"count":58,"href":"https:\/\/michellarchey.fr\/index.php?rest_route=\/wp\/v2\/pages\/192\/revisions"}],"predecessor-version":[{"id":1318,"href":"https:\/\/michellarchey.fr\/index.php?rest_route=\/wp\/v2\/pages\/192\/revisions\/1318"}],"wp:attachment":[{"href":"https:\/\/michellarchey.fr\/index.php?rest_route=%2Fwp%2Fv2%2Fmedia&parent=192"}],"curies":[{"name":"wp","href":"https:\/\/api.w.org\/{rel}","templated":true}]}}